{"id":880,"date":"2019-05-09T19:17:14","date_gmt":"2019-05-09T17:17:14","guid":{"rendered":"http:\/\/www.leweb.design\/interface\/?page_id=880"},"modified":"2019-05-09T19:24:42","modified_gmt":"2019-05-09T17:24:42","slug":"multimedia","status":"publish","type":"page","link":"http:\/\/www.leweb.design\/interface\/multimedia\/","title":{"rendered":"MULTIMEDIA"},"content":{"rendered":"\n[et_pb_section fb_built=\u00a0\u00bb1&Prime; _builder_version=\u00a0\u00bb3.19.12&Prime; background_color=\u00a0\u00bb#dddddd\u00a0\u00bb background_image=\u00a0\u00bbhttp:\/\/www.leweb.design\/interface\/wp-content\/uploads\/2019\/02\/IMG_4371-e1549488245825.jpg\u00a0\u00bb custom_padding=\u00a0\u00bb0|0px|65px|0px|false|false\u00a0\u00bb top_divider_color=\u00a0\u00bb#dddddd\u00a0\u00bb bottom_divider_style=\u00a0\u00bbasymmetric\u00a0\u00bb bottom_divider_color=\u00a0\u00bb#dddddd\u00a0\u00bb bottom_divider_height=\u00a0\u00bb70px\u00a0\u00bb bottom_divider_arrangement=\u00a0\u00bbabove_content\u00a0\u00bb][et_pb_row custom_padding=\u00a0\u00bb23.4688px|0px|0|0px|false|false\u00a0\u00bb _builder_version=\u00a0\u00bb3.19.12&Prime;][et_pb_column type=\u00a0\u00bb4_4&Prime; _builder_version=\u00a0\u00bb3.19.12&Prime; parallax=\u00a0\u00bboff\u00a0\u00bb parallax_method=\u00a0\u00bbon\u00a0\u00bb][et_pb_image src=\u00a0\u00bbhttp:\/\/www.leweb.design\/interface\/wp-content\/uploads\/2019\/05\/leweb-multimedia.png\u00a0\u00bb admin_label=\u00a0\u00bbprint titre\u00a0\u00bb _builder_version=\u00a0\u00bb3.19.12&Prime;][\/et_pb_image][\/et_pb_column][\/et_pb_row][\/et_pb_section][et_pb_section fb_built=\u00a0\u00bb1&Prime; _builder_version=\u00a0\u00bb3.19.12&Prime; background_color=\u00a0\u00bb#dddddd\u00a0\u00bb custom_padding=\u00a0\u00bb0|0px|0|0px|false|false\u00a0\u00bb][et_pb_row _builder_version=\u00a0\u00bb3.19.12&Prime;][et_pb_column type=\u00a0\u00bb4_4&Prime; _builder_version=\u00a0\u00bb3.19.12&Prime; parallax=\u00a0\u00bboff\u00a0\u00bb parallax_method=\u00a0\u00bbon\u00a0\u00bb][et_pb_text admin_label=\u00a0\u00bbtitre\u00a0\u00bb _builder_version=\u00a0\u00bb3.19.12&Prime; header_font=\u00a0\u00bb||||||||\u00a0\u00bb]<h1>DEVELOPPEMENT &amp; 3D APPLICATION TACTILE<\/h1>\n<p>D\u00e9veloppement et modelisation 3d d&rsquo;une application tactile pour les Monuments de France.<\/p>[\/et_pb_text][\/et_pb_column][\/et_pb_row][\/et_pb_section][et_pb_section fb_built=\u00a0\u00bb1&Prime; specialty=\u00a0\u00bbon\u00a0\u00bb next_background_color=\u00a0\u00bb#cecece\u00a0\u00bb _builder_version=\u00a0\u00bb3.19.12&Prime; background_color=\u00a0\u00bb#dddddd\u00a0\u00bb custom_padding=\u00a0\u00bb0|0px|54px|0px|false|false\u00a0\u00bb top_divider_height=\u00a0\u00bb0px\u00a0\u00bb bottom_divider_style=\u00a0\u00bbasymmetric\u00a0\u00bb bottom_divider_height=\u00a0\u00bb68px\u00a0\u00bb bottom_divider_flip=\u00a0\u00bbhorizontal\u00a0\u00bb][et_pb_column type=\u00a0\u00bb1_2&Prime; _builder_version=\u00a0\u00bb3.0.47&Prime; parallax__hover=\u00a0\u00bboff\u00a0\u00bb parallax_method__hover=\u00a0\u00bbon\u00a0\u00bb parallax=\u00a0\u00bboff\u00a0\u00bb parallax_method=\u00a0\u00bbon\u00a0\u00bb][et_pb_video src=\u00a0\u00bbhttp:\/\/www.leweb.design\/interface\/wp-content\/uploads\/2019\/05\/3d_2018.mp4&Prime; _builder_version=\u00a0\u00bb3.19.12&Prime;][\/et_pb_video][\/et_pb_column][et_pb_column type=\u00a0\u00bb1_2&Prime; specialty_columns=\u00a0\u00bb2&Prime; _builder_version=\u00a0\u00bb3.0.47&Prime; parallax__hover=\u00a0\u00bboff\u00a0\u00bb parallax_method__hover=\u00a0\u00bbon\u00a0\u00bb parallax=\u00a0\u00bboff\u00a0\u00bb parallax_method=\u00a0\u00bbon\u00a0\u00bb][et_pb_row_inner custom_padding=\u00a0\u00bb29px|0|19px|0px|false|false\u00a0\u00bb _builder_version=\u00a0\u00bb3.19.12&Prime; background_video_width=\u00a0\u00bb500&Prime; background_video_height=\u00a0\u00bb260&Prime; background_video_pause_outside_viewport=\u00a0\u00bboff\u00a0\u00bb][et_pb_column_inner type=\u00a0\u00bb4_4&Prime; saved_specialty_column_type=\u00a0\u00bb1_2&Prime; _builder_version=\u00a0\u00bb3.0.47&Prime; parallax__hover=\u00a0\u00bboff\u00a0\u00bb parallax_method__hover=\u00a0\u00bbon\u00a0\u00bb parallax=\u00a0\u00bboff\u00a0\u00bb parallax_method=\u00a0\u00bbon\u00a0\u00bb][et_pb_text _builder_version=\u00a0\u00bb3.19.12&Prime;]<p>Cr\u00e9ation d&rsquo;une application tactile 3d avec retro-projection.<\/p>[\/et_pb_text][et_pb_text _builder_version=\u00a0\u00bb3.19.12&Prime;][\/et_pb_text][\/et_pb_column_inner][\/et_pb_row_inner][\/et_pb_column][\/et_pb_section][et_pb_section fb_built=\u00a0\u00bb1&Prime; _builder_version=\u00a0\u00bb3.19.12&Prime; background_color=\u00a0\u00bb#cecece\u00a0\u00bb custom_padding=\u00a0\u00bb0|0px|0|0px|false|false\u00a0\u00bb][et_pb_row _builder_version=\u00a0\u00bb3.19.12&Prime;][et_pb_column type=\u00a0\u00bb4_4&Prime; _builder_version=\u00a0\u00bb3.19.12&Prime; parallax=\u00a0\u00bboff\u00a0\u00bb parallax_method=\u00a0\u00bbon\u00a0\u00bb][et_pb_text admin_label=\u00a0\u00bbtitre\u00a0\u00bb _builder_version=\u00a0\u00bb3.19.12&Prime; header_font=\u00a0\u00bb||||||||\u00a0\u00bb]<h1>DEVELOPPEMENT &amp; 3D APPLICATION TACTILE<\/h1>\n<p>D\u00e9veloppement et modelisation 3d d&rsquo;une application tactile pour les Monuments de France.<\/p>[\/et_pb_text][\/et_pb_column][\/et_pb_row][\/et_pb_section][et_pb_section fb_built=\u00a0\u00bb1&Prime; specialty=\u00a0\u00bbon\u00a0\u00bb next_background_color=\u00a0\u00bb#ffffff\u00a0\u00bb _builder_version=\u00a0\u00bb3.19.12&Prime; background_color=\u00a0\u00bb#cecece\u00a0\u00bb custom_padding=\u00a0\u00bb0|0px|54px|0px|false|false\u00a0\u00bb top_divider_height=\u00a0\u00bb0px\u00a0\u00bb bottom_divider_style=\u00a0\u00bbasymmetric\u00a0\u00bb bottom_divider_height=\u00a0\u00bb68px\u00a0\u00bb][et_pb_column type=\u00a0\u00bb1_2&Prime; _builder_version=\u00a0\u00bb3.0.47&Prime; parallax__hover=\u00a0\u00bboff\u00a0\u00bb parallax_method__hover=\u00a0\u00bbon\u00a0\u00bb parallax=\u00a0\u00bboff\u00a0\u00bb parallax_method=\u00a0\u00bbon\u00a0\u00bb][et_pb_video src=\u00a0\u00bbhttp:\/\/www.leweb.design\/interface\/wp-content\/uploads\/2019\/05\/artpixel_2017.mp4&Prime; _builder_version=\u00a0\u00bb3.19.12&Prime;][\/et_pb_video][\/et_pb_column][et_pb_column type=\u00a0\u00bb1_2&Prime; specialty_columns=\u00a0\u00bb2&Prime; _builder_version=\u00a0\u00bb3.0.47&Prime; parallax__hover=\u00a0\u00bboff\u00a0\u00bb parallax_method__hover=\u00a0\u00bbon\u00a0\u00bb parallax=\u00a0\u00bboff\u00a0\u00bb parallax_method=\u00a0\u00bbon\u00a0\u00bb][et_pb_row_inner custom_padding=\u00a0\u00bb29px|0|19px|0px|false|false\u00a0\u00bb _builder_version=\u00a0\u00bb3.19.12&Prime; background_video_width=\u00a0\u00bb500&Prime; background_video_height=\u00a0\u00bb260&Prime; background_video_pause_outside_viewport=\u00a0\u00bboff\u00a0\u00bb][et_pb_column_inner type=\u00a0\u00bb4_4&Prime; saved_specialty_column_type=\u00a0\u00bb1_2&Prime; _builder_version=\u00a0\u00bb3.0.47&Prime; parallax__hover=\u00a0\u00bboff\u00a0\u00bb parallax_method__hover=\u00a0\u00bbon\u00a0\u00bb parallax=\u00a0\u00bboff\u00a0\u00bb parallax_method=\u00a0\u00bbon\u00a0\u00bb][et_pb_text _builder_version=\u00a0\u00bb3.19.12&Prime;]<p>Cr\u00e9ation d&rsquo;une application tactile en 3d et de 3 totems videos tactiles interactifs.<\/p>[\/et_pb_text][\/et_pb_column_inner][\/et_pb_row_inner][\/et_pb_column][\/et_pb_section]\n","protected":false},"excerpt":{"rendered":"<p>DEVELOPPEMENT &amp; 3D APPLICATION TACTILE D\u00e9veloppement et modelisation 3d d&rsquo;une application tactile pour les Monuments de France.Cr\u00e9ation d&rsquo;une application tactile 3d avec retro-projection.DEVELOPPEMENT &amp; 3D APPLICATION TACTILE D\u00e9veloppement et modelisation 3d d&rsquo;une application tactile pour les Monuments de France.Cr\u00e9ation d&rsquo;une application tactile en 3d et de 3 totems videos tactiles interactifs.<\/p>\n","protected":false},"author":1,"featured_media":0,"parent":0,"menu_order":0,"comment_status":"closed","ping_status":"closed","template":"","meta":{"_et_pb_use_builder":"on","_et_pb_old_content":"","_et_gb_content_width":"","footnotes":""},"class_list":["post-880","page","type-page","status-publish","hentry"],"_links":{"self":[{"href":"http:\/\/www.leweb.design\/interface\/wp-json\/wp\/v2\/pages\/880","targetHints":{"allow":["GET"]}}],"collection":[{"href":"http:\/\/www.leweb.design\/interface\/wp-json\/wp\/v2\/pages"}],"about":[{"href":"http:\/\/www.leweb.design\/interface\/wp-json\/wp\/v2\/types\/page"}],"author":[{"embeddable":true,"href":"http:\/\/www.leweb.design\/interface\/wp-json\/wp\/v2\/users\/1"}],"replies":[{"embeddable":true,"href":"http:\/\/www.leweb.design\/interface\/wp-json\/wp\/v2\/comments?post=880"}],"version-history":[{"count":6,"href":"http:\/\/www.leweb.design\/interface\/wp-json\/wp\/v2\/pages\/880\/revisions"}],"predecessor-version":[{"id":896,"href":"http:\/\/www.leweb.design\/interface\/wp-json\/wp\/v2\/pages\/880\/revisions\/896"}],"wp:attachment":[{"href":"http:\/\/www.leweb.design\/interface\/wp-json\/wp\/v2\/media?parent=880"}],"curies":[{"name":"wp","href":"https:\/\/api.w.org\/{rel}","templated":true}]}}